{"id":221,"date":"2017-09-04T11:06:26","date_gmt":"2017-09-04T10:06:26","guid":{"rendered":"https:\/\/woodandsteel.pt\/?page_id=221"},"modified":"2018-11-26T09:49:34","modified_gmt":"2018-11-26T09:49:34","slug":"project-investment","status":"publish","type":"page","link":"https:\/\/woodandsteel.pt\/en\/project-investment\/","title":{"rendered":"Project Investment"},"content":{"rendered":"<p><a href=\"https:\/\/woodandsteel.pt\/app\/uploads\/2018\/11\/Ficha-de-Projeto_17727_v3.pdf\" target=\"_blank\">Inova\u00e7\u00e3o_Proj. n\u00ba 17727_PTA_Publicita\u00e7\u00e3o<\/a><\/p>\n<p><a href=\"https:\/\/woodandsteel.pt\/app\/uploads\/2017\/09\/Ficha-de-Projeto_20100.pdf\" target=\"_blank\">Qualifica\u00e7\u00e3o_Proj. 20100_Publicita\u00e7\u00e3o<\/a><\/p>\n<p><a href=\"https:\/\/woodandsteel.pt\/app\/uploads\/2017\/09\/Ficha-de-Projeto_20105.pdf\" target=\"_blank\">Internacionaliza\u00e7\u00e3o_Proj, n\u00ba 20105_Publicita\u00e7\u00e3o<\/a><\/p>\n","protected":false},"excerpt":{"rendered":"<p>Inova\u00e7\u00e3o_Proj. n\u00ba 17727_PTA_Publicita\u00e7\u00e3o Qualifica\u00e7\u00e3o_Proj. 20100_Publicita\u00e7\u00e3o Internacionaliza\u00e7\u00e3o_Proj, n\u00ba 20105_Publicita\u00e7\u00e3o<\/p>\n","protected":false},"author":1,"featured_media":0,"parent":0,"menu_order":0,"comment_status":"closed","ping_status":"closed","template":"","meta":{"footnotes":""},"class_list":["post-221","page","type-page","status-publish","hentry"],"_links":{"self":[{"href":"https:\/\/woodandsteel.pt\/en\/wp-json\/wp\/v2\/pages\/221","targetHints":{"allow":["GET"]}}],"collection":[{"href":"https:\/\/woodandsteel.pt\/en\/wp-json\/wp\/v2\/pages"}],"about":[{"href":"https:\/\/woodandsteel.pt\/en\/wp-json\/wp\/v2\/types\/page"}],"author":[{"embeddable":true,"href":"https:\/\/woodandsteel.pt\/en\/wp-json\/wp\/v2\/users\/1"}],"replies":[{"embeddable":true,"href":"https:\/\/woodandsteel.pt\/en\/wp-json\/wp\/v2\/comments?post=221"}],"version-history":[{"count":19,"href":"https:\/\/woodandsteel.pt\/en\/wp-json\/wp\/v2\/pages\/221\/revisions"}],"predecessor-version":[{"id":288,"href":"https:\/\/woodandsteel.pt\/en\/wp-json\/wp\/v2\/pages\/221\/revisions\/288"}],"wp:attachment":[{"href":"https:\/\/woodandsteel.pt\/en\/wp-json\/wp\/v2\/media?parent=221"}],"curies":[{"name":"wp","href":"https:\/\/api.w.org\/{rel}","templated":true}]}}