{"id":235,"date":"2017-10-19T09:48:59","date_gmt":"2017-10-19T08:48:59","guid":{"rendered":"https:\/\/woodandsteel.pt\/?page_id=235"},"modified":"2017-10-19T09:48:59","modified_gmt":"2017-10-19T08:48:59","slug":"inovacao_proj-no-17727_pta_publicitacao","status":"publish","type":"page","link":"https:\/\/woodandsteel.pt\/en\/inovacao_proj-no-17727_pta_publicitacao\/","title":{"rendered":"Inova\u00e7\u00e3o_Proj. n\u00ba 17727_PTA_Publicita\u00e7\u00e3o"},"content":{"rendered":"<p><strong>Ficha do projeto:<\/strong><\/p>\n<p>Designa\u00e7\u00e3o do projeto | WASC &#8211; Wood and Steel Concept<br \/>\nC\u00f3digo do projeto | POCI-02-0853-FEDER-017727, POCI-03-3560-FSE-017727<br \/>\nObjetivo principal | Refor\u00e7ar a competitividade das PME<br \/>\nRegi\u00e3o de interven\u00e7\u00e3o | Norte<br \/>\nEntidade benefici\u00e1ria | WS &#8211; WOOD AND STEEL , LDA<\/p>\n<p>Data de aprova\u00e7\u00e3o | 2016-09-07<br \/>\nData de in\u00edcio | 2016-05-04<br \/>\nData de conclus\u00e3o | 2017-12-31<br \/>\nCusto total eleg\u00edvel | 4.912.205,51 EUR<br \/>\nApoio financeiro da Uni\u00e3o Europeia | FEDER \u2013 3.419.996,93 EUR, FSE \u2013 18.546,93 EUR<\/p>\n<p><strong>S\u00edntese do Projeto:<\/strong><\/p>\n<p>O core business da W&amp;S quebrou com o inicial e direcionou esfor\u00e7os para os segmentos m\u00e9dio\/alto e alto nos mercados de reabilita\u00e7\u00e3o\/reconstru\u00e7\u00e3o de edif\u00edcios e de hotelaria, oferecendo solu\u00e7\u00f5es completas e integradas e n\u00e3o simples produtos.<\/p>\n<p>A W&amp;S assume a realiza\u00e7\u00e3o de um projeto integrado, com apresenta\u00e7\u00e3o de candidaturas aos Sistemas de Incentivos \u00e0 Inova\u00e7\u00e3o Produtiva, \u00e0 Qualifica\u00e7\u00e3o e \u00e0 Internacionaliza\u00e7\u00e3o, de modo a operacionalizar a sua estrat\u00e9gia:<br \/>\n&#8211; Desenvolvimento e lan\u00e7amento no mercado de cinco linhas de produtos de carpintaria, serralharia e mobili\u00e1rio.<\/p>\n<p><img loading=\"lazy\" decoding=\"async\" src=\"https:\/\/woodandsteel.pt\/app\/uploads\/2017\/09\/Modelos-Barras-FUNDOS-v04_3logos-FEEI-740x114.jpg\" alt=\"\" width=\"740\" height=\"114\" class=\"alignnone size-medium wp-image-232\" srcset=\"https:\/\/woodandsteel.pt\/wp-content\/uploads\/2017\/09\/Modelos-Barras-FUNDOS-v04_3logos-FEEI-740x114.jpg 740w, https:\/\/woodandsteel.pt\/wp-content\/uploads\/2017\/09\/Modelos-Barras-FUNDOS-v04_3logos-FEEI-370x57.jpg 370w, https:\/\/woodandsteel.pt\/wp-content\/uploads\/2017\/09\/Modelos-Barras-FUNDOS-v04_3logos-FEEI-768x119.jpg 768w, https:\/\/woodandsteel.pt\/wp-content\/uploads\/2017\/09\/Modelos-Barras-FUNDOS-v04_3logos-FEEI.jpg 1024w\" sizes=\"auto, (max-width: 740px) 100vw, 740px\" \/><\/p>\n","protected":false},"excerpt":{"rendered":"<p>Ficha do projeto: Designa\u00e7\u00e3o do projeto | WASC &#8211; Wood and Steel Concept C\u00f3digo do projeto | POCI-02-0853-FEDER-017727, POCI-03-3560-FSE-017727 Objetivo principal | Refor\u00e7ar a competitividade das PME Regi\u00e3o de interven\u00e7\u00e3o | Norte Entidade benefici\u00e1ria | WS &#8211; WOOD AND STEEL , LDA Data de aprova\u00e7\u00e3o | 2016-09-07 Data de in\u00edcio | 2016-05-04 Data de conclus\u00e3o [&hellip;]<\/p>\n","protected":false},"author":1,"featured_media":0,"parent":0,"menu_order":0,"comment_status":"closed","ping_status":"closed","template":"","meta":{"footnotes":""},"class_list":["post-235","page","type-page","status-publish","hentry"],"_links":{"self":[{"href":"https:\/\/woodandsteel.pt\/en\/wp-json\/wp\/v2\/pages\/235","targetHints":{"allow":["GET"]}}],"collection":[{"href":"https:\/\/woodandsteel.pt\/en\/wp-json\/wp\/v2\/pages"}],"about":[{"href":"https:\/\/woodandsteel.pt\/en\/wp-json\/wp\/v2\/types\/page"}],"author":[{"embeddable":true,"href":"https:\/\/woodandsteel.pt\/en\/wp-json\/wp\/v2\/users\/1"}],"replies":[{"embeddable":true,"href":"https:\/\/woodandsteel.pt\/en\/wp-json\/wp\/v2\/comments?post=235"}],"version-history":[{"count":1,"href":"https:\/\/woodandsteel.pt\/en\/wp-json\/wp\/v2\/pages\/235\/revisions"}],"predecessor-version":[{"id":238,"href":"https:\/\/woodandsteel.pt\/en\/wp-json\/wp\/v2\/pages\/235\/revisions\/238"}],"wp:attachment":[{"href":"https:\/\/woodandsteel.pt\/en\/wp-json\/wp\/v2\/media?parent=235"}],"curies":[{"name":"wp","href":"https:\/\/api.w.org\/{rel}","templated":true}]}}