{"id":236,"date":"2017-10-19T09:50:12","date_gmt":"2017-10-19T08:50:12","guid":{"rendered":"https:\/\/woodandsteel.pt\/?page_id=236"},"modified":"2017-10-19T09:50:12","modified_gmt":"2017-10-19T08:50:12","slug":"qualificacao_proj-20100_publicitacao","status":"publish","type":"page","link":"https:\/\/woodandsteel.pt\/en\/qualificacao_proj-20100_publicitacao\/","title":{"rendered":"Qualifica\u00e7\u00e3o_Proj. 20100_Publicita\u00e7\u00e3o"},"content":{"rendered":"<p><strong>Ficha do projeto:<\/strong><\/p>\n<p>Designa\u00e7\u00e3o do projeto | WASQ &#8211; Wood and Steel Qualification\u2028<br \/>\nC\u00f3digo do projeto | NORTE-02-0853-FEDER-020100, NORTE-06-3560-FSE-020100<br \/>\nObjetivo principal | Refor\u00e7ar a competitividade das PME<br \/>\nRegi\u00e3o de interven\u00e7\u00e3o | Norte<br \/>\nEntidade benefici\u00e1ria | WS &#8211; WOOD AND STEEL , LDA<\/p>\n<p>Data de aprova\u00e7\u00e3o | 2017-02-07<br \/>\nData de in\u00edcio | 2016-06-01<br \/>\n\u2028Data de conclus\u00e3o | 2018-05-31<br \/>\nCusto total eleg\u00edvel | 543.516,42 EUR<br \/>\nApoio financeiro da Uni\u00e3o Europeia | FEDER \u2013 232.400,68 EUR, FSE \u2013 18.949,33 EUR<\/p>\n<p><strong>S\u00edntese do Projeto:<\/strong><\/p>\n<p>Com o presente projeto de investimento denominado &#8220;WASQ &#8211; Wood and Steel Qualification&#8221;, a Empresa pretende realizar um conjunto de investimentos que lhe permitam, em complemento com os Projetos ao SI Inova\u00e7\u00e3o Produtiva e SI Internacionaliza\u00e7\u00e3o, qualificar-se em diversas \u00e1reas, atrav\u00e9s da ado\u00e7\u00e3o de m\u00e9todos organizacionais inovadores, da introdu\u00e7\u00e3o de novos produtos e marcas no mercado, e da inova\u00e7\u00e3o ao n\u00edvel do design e marketing (nova margem de crescimento e de competitividade).<\/p>\n<p><img loading=\"lazy\" decoding=\"async\" src=\"https:\/\/woodandsteel.pt\/app\/uploads\/2017\/09\/barra_assinaturas-740x95.jpg\" alt=\"\" width=\"740\" height=\"95\" class=\"alignnone size-medium wp-image-233\" srcset=\"https:\/\/woodandsteel.pt\/wp-content\/uploads\/2017\/09\/barra_assinaturas-740x95.jpg 740w, https:\/\/woodandsteel.pt\/wp-content\/uploads\/2017\/09\/barra_assinaturas-370x48.jpg 370w, https:\/\/woodandsteel.pt\/wp-content\/uploads\/2017\/09\/barra_assinaturas-768x99.jpg 768w, https:\/\/woodandsteel.pt\/wp-content\/uploads\/2017\/09\/barra_assinaturas.jpg 1024w\" sizes=\"auto, (max-width: 740px) 100vw, 740px\" \/><\/p>\n","protected":false},"excerpt":{"rendered":"<p>Ficha do projeto: Designa\u00e7\u00e3o do projeto | WASQ &#8211; Wood and Steel Qualification\u2028 C\u00f3digo do projeto | NORTE-02-0853-FEDER-020100, NORTE-06-3560-FSE-020100 Objetivo principal | Refor\u00e7ar a competitividade das PME Regi\u00e3o de interven\u00e7\u00e3o | Norte Entidade benefici\u00e1ria | WS &#8211; WOOD AND STEEL , LDA Data de aprova\u00e7\u00e3o | 2017-02-07 Data de in\u00edcio | 2016-06-01 \u2028Data de conclus\u00e3o [&hellip;]<\/p>\n","protected":false},"author":1,"featured_media":0,"parent":0,"menu_order":0,"comment_status":"closed","ping_status":"closed","template":"","meta":{"footnotes":""},"class_list":["post-236","page","type-page","status-publish","hentry"],"_links":{"self":[{"href":"https:\/\/woodandsteel.pt\/en\/wp-json\/wp\/v2\/pages\/236","targetHints":{"allow":["GET"]}}],"collection":[{"href":"https:\/\/woodandsteel.pt\/en\/wp-json\/wp\/v2\/pages"}],"about":[{"href":"https:\/\/woodandsteel.pt\/en\/wp-json\/wp\/v2\/types\/page"}],"author":[{"embeddable":true,"href":"https:\/\/woodandsteel.pt\/en\/wp-json\/wp\/v2\/users\/1"}],"replies":[{"embeddable":true,"href":"https:\/\/woodandsteel.pt\/en\/wp-json\/wp\/v2\/comments?post=236"}],"version-history":[{"count":1,"href":"https:\/\/woodandsteel.pt\/en\/wp-json\/wp\/v2\/pages\/236\/revisions"}],"predecessor-version":[{"id":239,"href":"https:\/\/woodandsteel.pt\/en\/wp-json\/wp\/v2\/pages\/236\/revisions\/239"}],"wp:attachment":[{"href":"https:\/\/woodandsteel.pt\/en\/wp-json\/wp\/v2\/media?parent=236"}],"curies":[{"name":"wp","href":"https:\/\/api.w.org\/{rel}","templated":true}]}}