{"id":78,"date":"2017-04-06T09:45:51","date_gmt":"2017-04-06T08:45:51","guid":{"rendered":"https:\/\/woodandsteel.pt\/?page_id=78"},"modified":"2019-07-01T14:48:51","modified_gmt":"2019-07-01T13:48:51","slug":"company","status":"publish","type":"page","link":"https:\/\/woodandsteel.pt\/en\/company\/","title":{"rendered":"Company"},"content":{"rendered":"<p>Com foco no mercado e na satisfa\u00e7\u00e3o dos clientes mais exigentes foi criada a Wood &amp; Steel. Juntamos elementos fortes e nobres: o alum\u00ednio, o a\u00e7o e a madeira para criar a oferta mais completa no mercado global da constru\u00e7\u00e3o e do mobili\u00e1rio.<\/p>\n<p>A exig\u00eancia destes segmentos conduzem-nos a um elevado padr\u00e3o de exig\u00eancia: toda a estrat\u00e9gia da Wood &amp; Steel assenta na satisfa\u00e7\u00e3o do cliente, atrav\u00e9s do rigoroso cumprimento de prazos de entrega, do desenvolvimento de um cultura de proximidade e atendimento personalizado, desde a concep\u00e7\u00e3o do produto at\u00e9 \u00e0 entrega final.<\/p>\n<h3>Pessoas, procedimentos &amp; equipamento<\/h3>\n<p>Entendemos a import\u00e2ncia da inova\u00e7\u00e3o e equipamos a Wood &amp; Steel com maquinaria e software de \u00faltima gera\u00e7\u00e3o. Acreditamos que a optimiza\u00e7\u00e3o do processo produtivo \u00e9 critica para o rigor e qualidade do nosso produto.<\/p>\n<p>Valorizamos a import\u00e2ncia das pessoas e do seu conhecimento no sucesso da empresa. Recrutamos os melhores profissionais, com forte know-how t\u00e9cnico, elevada cultura de desenvolvimento e investiga\u00e7\u00e3o.<\/p>\n<h3>Os clientes<\/h3>\n<p>Trabalhar de perto com os nossos clientes define a miss\u00e3o da equipa: posicionar a Wood &amp; Steel com refer\u00eancia nos sectores da constru\u00e7\u00e3o, do mobili\u00e1rio e da reabilita\u00e7\u00e3o, em \u00e1reas de elevada exig\u00eancia como constru\u00e7\u00e3o civil e hotelaria.<\/p>\n<h3>O legado e a experi\u00eancia<\/h3>\n<p>A afirma\u00e7\u00e3o no mercado tem como factores cr\u00edticos de sucesso uma experi\u00eancia superior a 30 anos nos setores serralharia\/carpintaria, a diversidade de oferta (comercial e industrial), o dom\u00ednio total de todo o processo produtivo, uma estrutura comercial nacional e internacional e o desenvolvimento do neg\u00f3cio em mercados com elevado potencial de crescimento.<\/p>","protected":false},"excerpt":{"rendered":"<p>Com foco no mercado e na satisfa\u00e7\u00e3o dos clientes mais exigentes foi criada a Wood &amp; Steel. Juntamos elementos fortes e nobres: o alum\u00ednio, o a\u00e7o e a madeira para criar a oferta mais completa no mercado global da constru\u00e7\u00e3o e do mobili\u00e1rio. A exig\u00eancia destes segmentos conduzem-nos a um elevado padr\u00e3o de exig\u00eancia: toda [&hellip;]<\/p>\n","protected":false},"author":1,"featured_media":0,"parent":0,"menu_order":0,"comment_status":"closed","ping_status":"closed","template":"","meta":{"footnotes":""},"class_list":["post-78","page","type-page","status-publish","hentry"],"_links":{"self":[{"href":"https:\/\/woodandsteel.pt\/en\/wp-json\/wp\/v2\/pages\/78","targetHints":{"allow":["GET"]}}],"collection":[{"href":"https:\/\/woodandsteel.pt\/en\/wp-json\/wp\/v2\/pages"}],"about":[{"href":"https:\/\/woodandsteel.pt\/en\/wp-json\/wp\/v2\/types\/page"}],"author":[{"embeddable":true,"href":"https:\/\/woodandsteel.pt\/en\/wp-json\/wp\/v2\/users\/1"}],"replies":[{"embeddable":true,"href":"https:\/\/woodandsteel.pt\/en\/wp-json\/wp\/v2\/comments?post=78"}],"version-history":[{"count":5,"href":"https:\/\/woodandsteel.pt\/en\/wp-json\/wp\/v2\/pages\/78\/revisions"}],"predecessor-version":[{"id":280,"href":"https:\/\/woodandsteel.pt\/en\/wp-json\/wp\/v2\/pages\/78\/revisions\/280"}],"wp:attachment":[{"href":"https:\/\/woodandsteel.pt\/en\/wp-json\/wp\/v2\/media?parent=78"}],"curies":[{"name":"wp","href":"https:\/\/api.w.org\/{rel}","templated":true}]}}