{"id":237,"date":"2017-10-19T09:50:56","date_gmt":"2017-10-19T08:50:56","guid":{"rendered":"https:\/\/woodandsteel.pt\/?page_id=237"},"modified":"2017-10-19T09:50:56","modified_gmt":"2017-10-19T08:50:56","slug":"internacionalizacao_proj-no-20105_publicitacao","status":"publish","type":"page","link":"https:\/\/woodandsteel.pt\/pt\/internacionalizacao_proj-no-20105_publicitacao\/","title":{"rendered":"Internacionaliza\u00e7\u00e3o_Proj, n\u00ba 20105_Publicita\u00e7\u00e3o"},"content":{"rendered":"<p><strong>Ficha do projeto:<\/strong><\/p>\n<p>Designa\u00e7\u00e3o do projeto | GWAS &#8211; Global Wood and Steel\u2028<br \/>\nC\u00f3digo do projeto | NORTE-02-0752-FEDER-020105, NORTE-06-3560-FSE-020105<br \/>\nObjetivo principal| Refor\u00e7ar a competitividade das PME<br \/>\nRegi\u00e3o de interven\u00e7\u00e3o | Norte<br \/>\nEntidade benefici\u00e1ria | WS &#8211; WOOD AND STEEL, LDA<\/p>\n<p>Data de aprova\u00e7\u00e3o | 2017-02-17<br \/>\nData de in\u00edcio | 2016-12-01<br \/>\n\u2028Data de conclus\u00e3o | 2018-11-30<br \/>\nCusto total eleg\u00edvel | 303.825,70 EUR<br \/>\nApoio financeiro da Uni\u00e3o Europeia | FEDER \u2013 131.152,50 EUR, FSE \u2013 8.662,99 EUR<\/p>\n<p><strong>S\u00edntese do Projeto:<\/strong><\/p>\n<p>A W&#038;S define como objetivos desenvolver produtos inovadores, que dificilmente sejam copiados pelas empresas concorrentes, aumentar a notoriedade da marca a n\u00edvel internacional, apostar no segmento m\u00e9dio\/ alto, proceder ao registo de pelo menos uma marca pr\u00f3pria e lan\u00e7ar no mercado pelo menos 2 novos produtos, no per\u00edodo de 5 anos. Em termos quantitativos, os objetivos passam por atingir um volume de fatura\u00e7\u00e3o de \u20ac5,350,000.00 no ano p\u00f3s-projeto, bem como obter uma intensidade de exporta\u00e7\u00f5es que represente cerca de 40% do volume total de neg\u00f3cios.<\/p>\n<p><img loading=\"lazy\" decoding=\"async\" src=\"https:\/\/woodandsteel.pt\/app\/uploads\/2017\/09\/barra_assinaturas-740x95.jpg\" alt=\"\" width=\"740\" height=\"95\" class=\"alignnone size-medium wp-image-233\" srcset=\"https:\/\/woodandsteel.pt\/wp-content\/uploads\/2017\/09\/barra_assinaturas-740x95.jpg 740w, https:\/\/woodandsteel.pt\/wp-content\/uploads\/2017\/09\/barra_assinaturas-370x48.jpg 370w, https:\/\/woodandsteel.pt\/wp-content\/uploads\/2017\/09\/barra_assinaturas-768x99.jpg 768w, https:\/\/woodandsteel.pt\/wp-content\/uploads\/2017\/09\/barra_assinaturas.jpg 1024w\" sizes=\"auto, (max-width: 740px) 100vw, 740px\" \/><\/p>\n","protected":false},"excerpt":{"rendered":"<p>Ficha do projeto: Designa\u00e7\u00e3o do projeto | GWAS &#8211; Global Wood and Steel\u2028 C\u00f3digo do projeto | NORTE-02-0752-FEDER-020105, NORTE-06-3560-FSE-020105 Objetivo principal| Refor\u00e7ar a competitividade das PME Regi\u00e3o de interven\u00e7\u00e3o | Norte Entidade benefici\u00e1ria | WS &#8211; WOOD AND STEEL, LDA Data de aprova\u00e7\u00e3o | 2017-02-17 Data de in\u00edcio | 2016-12-01 \u2028Data de conclus\u00e3o | 2018-11-30 [&hellip;]<\/p>\n","protected":false},"author":1,"featured_media":0,"parent":0,"menu_order":0,"comment_status":"closed","ping_status":"closed","template":"","meta":{"footnotes":""},"class_list":["post-237","page","type-page","status-publish","hentry"],"_links":{"self":[{"href":"https:\/\/woodandsteel.pt\/pt\/wp-json\/wp\/v2\/pages\/237","targetHints":{"allow":["GET"]}}],"collection":[{"href":"https:\/\/woodandsteel.pt\/pt\/wp-json\/wp\/v2\/pages"}],"about":[{"href":"https:\/\/woodandsteel.pt\/pt\/wp-json\/wp\/v2\/types\/page"}],"author":[{"embeddable":true,"href":"https:\/\/woodandsteel.pt\/pt\/wp-json\/wp\/v2\/users\/1"}],"replies":[{"embeddable":true,"href":"https:\/\/woodandsteel.pt\/pt\/wp-json\/wp\/v2\/comments?post=237"}],"version-history":[{"count":1,"href":"https:\/\/woodandsteel.pt\/pt\/wp-json\/wp\/v2\/pages\/237\/revisions"}],"predecessor-version":[{"id":240,"href":"https:\/\/woodandsteel.pt\/pt\/wp-json\/wp\/v2\/pages\/237\/revisions\/240"}],"wp:attachment":[{"href":"https:\/\/woodandsteel.pt\/pt\/wp-json\/wp\/v2\/media?parent=237"}],"curies":[{"name":"wp","href":"https:\/\/api.w.org\/{rel}","templated":true}]}}